{"id":3,"date":"2024-05-04T15:05:28","date_gmt":"2024-05-04T15:05:28","guid":{"rendered":"https:\/\/golden-taxi-krk.hr\/?page_id=3"},"modified":"2024-05-28T17:46:53","modified_gmt":"2024-05-28T17:46:53","slug":"politika-privatnosti","status":"publish","type":"page","link":"https:\/\/golden-taxi-krk.hr\/en\/politika-privatnosti\/","title":{"rendered":"Privacy Policy"},"content":{"rendered":"<p>Golden Taxi Krk, vl. Filip Crn\u010di\u0107 (u daljenjem tekstu: mi) vam omogu\u0107uje kori\u0161tenje usluga i sadr\u017eaja ove web stranice (u daljenjem tekstu: web stranica) prema ovoj politici o privatnosti. Kori\u0161tenjem web stranice smatra se da su korisnici u svakom trenutku upoznati s ovom politikom o privatnosti, te da je u potpunosti razumiju i prihva\u0107aju.<\/p>\r\n<p>Korisnik interneta koji pristupa web stranici www.golden-taxi-krk.hr ostaje anoniman i nije registriran za bilo koju online uslugu. Korisnik ostaje anoniman tijekom svoje pretrage kroz sve informacije na web stranici i ni u kojem trenutku njegovi osobni podaci nisu registrirani za bilo koju online uslugu.<\/p>\r\n<h2 class=\"wp-block-heading\">Podaci koje upotrebljavamo i prikupljamo<\/h2>\r\n<p>Na na\u0161oj web stranici upotrebljavamo korisni\u010dke identifikatore (kola\u010di\u0107e) kako bismo prikupili informacije o kori\u0161tenju web stranice, kao \u0161to je poslu\u017eitelj na koji je povezano korisni\u010dko ra\u010dunalo, vrstu preglednika (npr. Google Chrome ili Internet Explorer). Te informacije koristimo isklju\u010divo kako bismo pomogli u pobolj\u0161anju na\u0161ih marketin\u0161kih pravila. Ovi osobni podaci korisnika interneta nisu uklju\u010deni u prikupljanje podataka.<\/p>\r\n<p>Prilikom rezervacije usluga prikupljamo neke osobne podatke kao \u0161to su ime, adresa e-po\u0161te ili broj mobitela osobe koja vr\u0161i rezervaciju. Ulaskom u ugovor s nama i prihva\u0107anjem na\u0161ih op\u0107ih uvjeta i pravila o privatnosti, dajete suglasnost da koristimo va\u0161e osobne podatke u svrhu obavljanja tra\u017eene usluge. Pojedinosti koje prikupljamo neophodni su da bismo mogli izvr\u0161iti dogovor\/ugovor s vama. Mo\u017eda \u0107emo vam se trebati obratiti u vezi s va\u0161im prijevozom, poslati potvrdu rezervacije putem SMS-a ili poslati e-mail s potvrdom o pla\u0107anju unaprijed.<\/p>\r\n<p>Tako\u0111er moramo znati to\u010dnu adresu va\u0161eg polazi\u0161ta i odredi\u0161ta.<\/p>\r\n<p>\u0160to se ti\u010de pla\u0107anja, pla\u0107anje se vr\u0161i na licu mjesta &#8211; po zavr\u0161etku usluge.<\/p>\r\n<p>Zadr\u017eavamo evidenciju povijesti rezervacije kako bismo vam pru\u017eili bolju korisni\u010dku podr\u0161ku. Sve informacije \u0107e biti pohranjene u na\u0161oj bazi podataka, ali u bilo kojem trenutku mo\u017eete zatra\u017eiti njihovo brisanje ili promjenu.<\/p>\r\n<h2 id=\"kolacici\">Kola\u010di\u0107i (Cookies)<\/h2>\r\n<p>Kola\u010di\u0107 je mala tekstualna datoteka koja se nalazi u pregledniku va\u0161eg ure\u0111aja kada posje\u0107ujete web stranicu. Na taj na\u010din web stranica prepoznaje va\u0161 ure\u0111aj i preferirane postavke i pomo\u0107u toga pru\u017ea bolje korisni\u010dko iskustvo. Kola\u010di\u0107i mogu biti &#8220;kola\u010di\u0107i sesije&#8221; ili &#8220;trajni kola\u010di\u0107i&#8221;. Kola\u010di\u0107i sesije automatski se bri\u0161u kada zatvorite preglednik ure\u0111aja; trajni kola\u010di\u0107i ostaju u va\u0161em pregledniku sve dok ih ne izbri\u0161ete ili ih preglednik bri\u0161e na temelju zadanog trajanja kola\u010di\u0107a. Trajni kola\u010di\u0107i omogu\u0107uju web stranicama da se sje\u0107aju va\u0161ih postavki kada ih ponovno posjetite i na taj na\u010din pobolj\u0161aju korisni\u010dko iskustvo.<\/p>\r\n<p>&#8220;Kola\u010di\u0107i prve strane&#8221; kola\u010di\u0107i je postavila tvrtka \u010diju web stranicu upotrebljavate. &#8220;Kola\u010di\u0107i tre\u0107e strane&#8221; kola\u010di\u0107i su postavljeni od strane tvrtke koja ima neku vrstu veze s web stranicom koju upotrebljavate. Kada upotrebljavamo taj izraz, to zna\u010di kola\u010di\u0107e koje postavljaju na\u0161i partneri i drugi poslovni partneri, uklju\u010duju\u0107i pru\u017eatelje usluga tre\u0107ih strana i ogla\u0161iva\u010de.<\/p>\r\n<p>Kola\u010di\u0107i za Google Analytics: kako bismo pobolj\u0161ali i optimizirali na\u0161u web stranicu mi ili davatelji usluga tre\u0107e strane mo\u017eemo koristiti kola\u010di\u0107e za prikupljanje podataka o posjetiteljima kako bismo vidjeli koliko su u\u010dinkoviti i relevantni na\u0161i oglasi. Te informacije mogu uklju\u010divati koje web stranice i oglase koje ste prethodno pregledali da do\u0111ete do na\u0161e web stranice, koje stranice ste dohvatili i napustili, koji preglednik ste koristili u interakciji s na\u0161om web stranicom, koji kriteriji pretra\u017eivanja ste koristili i sl. Te podatke ne koristimo da bismo vas osobno identificirali. Tako\u0111er upotrebljavamo Google Analytics, uslugu web analize koju nudi Google, koji prati i izvje\u0161tava o prometu na web stranici i poma\u017ee nam da prepoznamo stranice koje su spore, naispravne ili manje uspje\u0161ne. Dodatne informacije potra\u017eite na adresi https:\/\/www.google.co.uk\/analytics.<\/p>\r\n<p>Prvi put kada posjetite na\u0161u web stranicu, od vas \u0107emo tra\u017eiti suglasnost za na\u0161u upotrebu kola\u010di\u0107a i alata za pra\u0107enje. Ako odlu\u010dite ne prihvatiti odre\u0111ene tehni\u010dke i\/ili funkcionalne kola\u010di\u0107e, ne\u0107ete u\u017eivati u punoj upotrebi funkcija na\u0161e web stranice, a cjelokupno iskustvo ne\u0107e biti tako kvalitetno i brzo.<\/p>\r\n<h2>Prava korisnika<\/h2>\r\n<p><strong>PRAVO NA BRISANJE I OGRANI\u010cENJE OBRADE<\/strong><br \/>U svakom trenutku korisnik mo\u017ee podnjeti zahtjev za brisanjem svojih osobnih podataka koji su prikupljeni u okviru kori\u0161tenja na\u0161e web stranice i usluga ili ograni\u010diti svrhu kori\u0161tenja svojih podataka djelomi\u010dno ili u cijelosti.<\/p>\r\n<p><strong>PRAVO NA PRISTUP PODACIMA<\/strong><br \/>Korisnik ima pravo na informaciju koje podatke o njemu posjedujemo ili obra\u0111ujemo te mo\u017ee poslati zahtjev za dodatne informacije.<\/p>\r\n<p><strong>PRAVO NA ISPRAVAK PODATAKA<\/strong><br \/>Korisnik ima pravo zatra\u017eiti ispravak osobnih podataka koje posjedujemo. Zahtjev za ispravak mo\u017eemo odbiti ukoliko nam podaci vi\u0161e nisu dostupni ili postoji neko drugo ograni\u010denje.<\/p>\r\n<p>Nastavkom kori\u0161enja na\u0161e web stranice potvr\u0111ujete da ste upoznati s va\u017ee\u0107im pravilima i da pristajete na obradu podataka u navedene svrhe. Upite i primjedbe vezane uz ovu politiku o privatnosti, te dodatne informacije oko va\u0161ih osobnih podataka prikupljenih od na\u0161e strane mo\u017eete dostaviti slu\u017ebeniku za za\u0161titu osobnih podataka putem elektroni\u010dke po\u0161te na adresu: <a href=\"mailto:info@golden-taxi-krk.hr\">info@golden-taxi-krk.hr<\/a>.<\/p>","protected":false},"excerpt":{"rendered":"<p>Golden Taxi Krk, vl. Filip Crn\u010di\u0107 (u daljenjem tekstu: mi) vam omogu\u0107uje kori\u0161tenje usluga i sadr\u017eaja ove web stranice (u daljenjem tekstu: web stranica) prema ovoj politici o privatnosti. Kori\u0161tenjem web stranice smatra se da su korisnici u svakom trenutku upoznati s ovom politikom o privatnosti, te da je u potpunosti razumiju i prihva\u0107aju. Korisnik [&hellip;]<\/p>","protected":false},"author":1,"featured_media":0,"parent":0,"menu_order":0,"comment_status":"closed","ping_status":"open","template":"","meta":{"footnotes":""},"class_list":["post-3","page","type-page","status-publish","hentry"],"_links":{"self":[{"href":"https:\/\/golden-taxi-krk.hr\/en\/wp-json\/wp\/v2\/pages\/3","targetHints":{"allow":["GET"]}}],"collection":[{"href":"https:\/\/golden-taxi-krk.hr\/en\/wp-json\/wp\/v2\/pages"}],"about":[{"href":"https:\/\/golden-taxi-krk.hr\/en\/wp-json\/wp\/v2\/types\/page"}],"author":[{"embeddable":true,"href":"https:\/\/golden-taxi-krk.hr\/en\/wp-json\/wp\/v2\/users\/1"}],"replies":[{"embeddable":true,"href":"https:\/\/golden-taxi-krk.hr\/en\/wp-json\/wp\/v2\/comments?post=3"}],"version-history":[{"count":3,"href":"https:\/\/golden-taxi-krk.hr\/en\/wp-json\/wp\/v2\/pages\/3\/revisions"}],"predecessor-version":[{"id":678,"href":"https:\/\/golden-taxi-krk.hr\/en\/wp-json\/wp\/v2\/pages\/3\/revisions\/678"}],"wp:attachment":[{"href":"https:\/\/golden-taxi-krk.hr\/en\/wp-json\/wp\/v2\/media?parent=3"}],"curies":[{"name":"wp","href":"https:\/\/api.w.org\/{rel}","templated":true}]}}